{"id":1082,"date":"2021-08-10T17:00:42","date_gmt":"2021-08-10T17:00:42","guid":{"rendered":"https:\/\/www.vertigomotors.com\/?page_id=1082"},"modified":"2022-05-03T09:43:11","modified_gmt":"2022-05-03T09:43:11","slug":"descargas","status":"publish","type":"page","link":"https:\/\/www.vertigomotors.com\/es\/descargas\/","title":{"rendered":"Descargas"},"content":{"rendered":"<p>[et_pb_section fb_built=\u00bb1&#8243; module_class=\u00bbseccion-fd-negro\u00bb _builder_version=\u00bb4.16&#8243; _module_preset=\u00bbdefault\u00bb background_enable_image=\u00bboff\u00bb custom_margin=\u00bb20px||||false|false\u00bb custom_padding=\u00bb0px||0px||false|false\u00bb locked=\u00bboff\u00bb global_colors_info=\u00bb{}\u00bb][et_pb_row _builder_version=\u00bb4.16&#8243; _module_preset=\u00bbdefault\u00bb custom_padding=\u00bb0px|5px|0px|5px|false|false\u00bb global_colors_info=\u00bb{}\u00bb][et_pb_column type=\u00bb4_4&#8243; _builder_version=\u00bb4.16&#8243; _module_preset=\u00bbdefault\u00bb global_colors_info=\u00bb{}\u00bb][et_pb_text module_class=\u00bbtitulos-seccion\u00bb _builder_version=\u00bb4.16&#8243; _module_preset=\u00bbdefault\u00bb text_text_color=\u00bbgcid-bdf67acb-619e-48e3-a6b8-b3c14a5a183e\u00bb header_3_font=\u00bbSource Sans Pro|600||on|||||\u00bb header_3_text_align=\u00bbcenter\u00bb header_3_text_color=\u00bb#1a171a\u00bb background_color=\u00bbRGBA(0,0,0,0)\u00bb custom_padding=\u00bb5px||0px||false|false\u00bb header_font_tablet=\u00bb\u00bb header_font_phone=\u00bb\u00bb header_font_last_edited=\u00bbon|desktop\u00bb global_colors_info=\u00bb{%22gcid-bdf67acb-619e-48e3-a6b8-b3c14a5a183e%22:%91%22text_text_color%22%93}\u00bb]<\/p>\n<h3>Descargas<\/h3>\n<p>[\/et_pb_text][\/et_pb_column][\/et_pb_row][\/et_pb_section][et_pb_section fb_built=\u00bb1&#8243; _builder_version=\u00bb4.16&#8243; _module_preset=\u00bbdefault\u00bb global_colors_info=\u00bb{}\u00bb][et_pb_row column_structure=\u00bb1_3,1_3,1_3&#8243; _builder_version=\u00bb4.16&#8243; _module_preset=\u00bbdefault\u00bb global_colors_info=\u00bb{}\u00bb][et_pb_column type=\u00bb1_3&#8243; _builder_version=\u00bb4.16&#8243; _module_preset=\u00bbdefault\u00bb global_colors_info=\u00bb{}\u00bb][et_pb_text _builder_version=\u00bb4.17.3&#8243; _module_preset=\u00bbdefault\u00bb text_text_color=\u00bbgcid-bdf67acb-619e-48e3-a6b8-b3c14a5a183e\u00bb header_3_font=\u00bbSource Sans Pro|700||on|||||\u00bb header_3_text_color=\u00bb#1a171a\u00bb header_3_font_size=\u00bb24px\u00bb hover_enabled=\u00bb0&#8243; global_colors_info=\u00bb{%22gcid-bdf67acb-619e-48e3-a6b8-b3c14a5a183e%22:%91%22text_text_color%22%93}\u00bb sticky_enabled=\u00bb0&#8243;]<\/p>\n<div class=\"caja-descargas\">\n<div class=\"item-1\"><img decoding=\"async\" src=\"http:\/\/www.vertigomotors.com\/wp-content\/uploads\/2022\/05\/Imagen-corporativa.png\" \/><\/div>\n<div class=\"item-2\">\n<h3>Imagen corporativa Vertigo 2022<\/h3>\n<p><a href=\"http:\/\/www.vertigomotors.com\/wp-content\/uploads\/2022\/05\/Vertigo-Logos.pdf\"><img decoding=\"async\" src=\"http:\/\/www.vertigomotors.com\/wp-content\/uploads\/2021\/08\/ico-download.png\" \/><\/a><\/p>\n<\/div>\n<\/div>\n<p>[\/et_pb_text][\/et_pb_column][et_pb_column type=\u00bb1_3&#8243; _builder_version=\u00bb4.16&#8243; _module_preset=\u00bbdefault\u00bb global_colors_info=\u00bb{}\u00bb][et_pb_text _builder_version=\u00bb4.16&#8243; _module_preset=\u00bbdefault\u00bb text_text_color=\u00bbgcid-bdf67acb-619e-48e3-a6b8-b3c14a5a183e\u00bb header_3_font=\u00bbSource Sans Pro|700||on|||||\u00bb header_3_text_color=\u00bb#1a171a\u00bb header_3_font_size=\u00bb24px\u00bb hover_enabled=\u00bb0&#8243; global_colors_info=\u00bb{%22gcid-bdf67acb-619e-48e3-a6b8-b3c14a5a183e%22:%91%22text_text_color%22%93}\u00bb sticky_enabled=\u00bb0&#8243;]<\/p>\n<div class=\"caja-descargas\">\n<div class=\"item-1\"><img decoding=\"async\" src=\"http:\/\/www.vertigomotors.com\/wp-content\/uploads\/2021\/08\/Condiciones-de-Garantia.jpg\" \/><\/div>\n<div class=\"item-2\">\n<h3>Condiciones de Garant\u00eda<\/h3>\n<p><a href=\"http:\/\/www.vertigomotors.com\/wp-content\/uploads\/2022\/03\/CONDICIONES_DE_GARANTIA_ES.pdf\"><span>ES<\/span> <img decoding=\"async\" src=\"http:\/\/www.vertigomotors.com\/wp-content\/uploads\/2021\/08\/ico-download.png\" \/><\/a><a href=\"http:\/\/www.vertigomotors.com\/wp-content\/uploads\/2022\/03\/VERTIGO_MOTORS_WARRANTY_CONDITIONS.pdf\"><span>EN<\/span> <img decoding=\"async\" src=\"http:\/\/www.vertigomotors.com\/wp-content\/uploads\/2021\/08\/ico-download.png\" \/><\/a><\/p>\n<\/div>\n<\/div>\n<p>[\/et_pb_text][\/et_pb_column][et_pb_column type=\u00bb1_3&#8243; _builder_version=\u00bb4.16&#8243; _module_preset=\u00bbdefault\u00bb global_colors_info=\u00bb{}\u00bb][et_pb_text _builder_version=\u00bb4.17.3&#8243; _module_preset=\u00bbdefault\u00bb text_text_color=\u00bbgcid-bdf67acb-619e-48e3-a6b8-b3c14a5a183e\u00bb header_3_font=\u00bbSource Sans Pro|700||on|||||\u00bb header_3_text_color=\u00bb#1a171a\u00bb header_3_font_size=\u00bb24px\u00bb hover_enabled=\u00bb0&#8243; global_colors_info=\u00bb{%22gcid-bdf67acb-619e-48e3-a6b8-b3c14a5a183e%22:%91%22text_text_color%22%93}\u00bb sticky_enabled=\u00bb0&#8243;]<\/p>\n<div class=\"caja-descargas\">\n<div class=\"item-1\"><img decoding=\"async\" src=\"http:\/\/www.vertigomotors.com\/wp-content\/uploads\/2021\/08\/Catalogo-GRO.jpg\" \/><\/div>\n<div class=\"item-2\">\n<h3>Cat\u00e1logo<br \/>GRO<\/h3>\n<p><a href=\"http:\/\/www.vertigomotors.com\/wp-content\/uploads\/2022\/03\/CATALOGO-GRO-2020-ESP.pdf\"><span>ES<\/span> <img decoding=\"async\" src=\"http:\/\/www.vertigomotors.com\/wp-content\/uploads\/2021\/08\/ico-download.png\" \/><\/a><a href=\"http:\/\/www.vertigomotors.com\/wp-content\/uploads\/2022\/03\/CATALOGUE-GRO-2020-ENG-1.pdf\"><span>EN<\/span> <img decoding=\"async\" src=\"http:\/\/www.vertigomotors.com\/wp-content\/uploads\/2021\/08\/ico-download.png\" \/><\/a><\/p>\n<\/div>\n<\/div>\n<p>[\/et_pb_text][\/et_pb_column][\/et_pb_row][\/et_pb_section][et_pb_section fb_built=\u00bb1&#8243; module_id=\u00bbseccion-newsletter-footer\u00bb _builder_version=\u00bb4.9.10&#8243; _module_preset=\u00bbdefault\u00bb background_color=\u00bb#1a171a\u00bb custom_margin=\u00bb0px||||false|false\u00bb custom_padding=\u00bb||||false|false\u00bb global_module=\u00bb8621&#8243; saved_tabs=\u00bball\u00bb locked=\u00bboff\u00bb global_colors_info=\u00bb{%22gcid-bdf67acb-619e-48e3-a6b8-b3c14a5a183e%22:%91%22background_color%22%93}\u00bb][et_pb_row column_structure=\u00bb1_2,1_2&#8243; _builder_version=\u00bb4.16&#8243; _module_preset=\u00bbdefault\u00bb global_colors_info=\u00bb{}\u00bb][et_pb_column type=\u00bb1_2&#8243; _builder_version=\u00bb4.16&#8243; _module_preset=\u00bbdefault\u00bb global_colors_info=\u00bb{}\u00bb][et_pb_text _builder_version=\u00bb4.16&#8243; _module_preset=\u00bbdefault\u00bb text_font=\u00bbMontserrat|700|||||||\u00bb text_text_color=\u00bbgcid-bdf67acb-619e-48e3-a6b8-b3c14a5a183e\u00bb header_2_font=\u00bbSource Sans Pro|800||on|||||\u00bb header_2_text_color=\u00bb#80bc00&#8243; header_2_font_size=\u00bb42px\u00bb header_2_letter_spacing=\u00bb-1px\u00bb custom_margin=\u00bb0px||20px||false|false\u00bb custom_padding=\u00bb0px||||false|false\u00bb global_colors_info=\u00bb{%22gcid-bdf67acb-619e-48e3-a6b8-b3c14a5a183e%22:%91%22text_text_color%22%93}\u00bb]<\/p>\n<h2>\u00bfCompartimos pasi\u00f3n?<\/h2>\n<p>[\/et_pb_text][et_pb_text _builder_version=\u00bb4.16&#8243; _module_preset=\u00bbdefault\u00bb text_text_color=\u00bb#FFFFFF\u00bb link_text_color=\u00bb#1a171a\u00bb custom_margin=\u00bb0px||||false|false\u00bb custom_padding=\u00bb0px|||0px|false|false\u00bb custom_css_main_element=\u00bbcolor:white !important;\u00bb global_colors_info=\u00bb{%22gcid-bdf67acb-619e-48e3-a6b8-b3c14a5a183e%22:%91%22text_text_color%22%93}\u00bb link_text_color__hover_enabled=\u00bbon|hover\u00bb link_text_color__hover=\u00bb#80bc00&#8243;]<\/p>\n<p>Suscr\u00edbete a nuestra newsletter y te mantendremos informado de todas las novedades sobre el mundo del Trial.<\/p>\n<p>Adem\u00e1s te informaremos en primicia de nuevos lanzamientos y promociones exclusivas de VERTIGO MOTORS.<\/p>\n<p>[\/et_pb_text][\/et_pb_column][et_pb_column type=\u00bb1_2&#8243; _builder_version=\u00bb4.16&#8243; _module_preset=\u00bbdefault\u00bb global_colors_info=\u00bb{}\u00bb][et_pb_text _builder_version=\u00bb4.16&#8243; _module_preset=\u00bbdefault\u00bb text_text_color=\u00bbgcid-bdf67acb-619e-48e3-a6b8-b3c14a5a183e\u00bb global_colors_info=\u00bb{%22gcid-bdf67acb-619e-48e3-a6b8-b3c14a5a183e%22:%91%22text_text_color%22%93}\u00bb]\n<div class=\"wpcf7 no-js\" id=\"wpcf7-f340-o1\" lang=\"es-ES\" dir=\"ltr\" data-wpcf7-id=\"340\">\n<div class=\"screen-reader-response\"><p role=\"status\" aria-live=\"polite\" aria-atomic=\"true\"><\/p> <ul><\/ul><\/div>\n<form action=\"\/es\/wp-json\/wp\/v2\/pages\/1082#wpcf7-f340-o1\" method=\"post\" class=\"wpcf7-form init\" aria-label=\"Formulario de contacto\" novalidate=\"novalidate\" data-status=\"init\">\n<fieldset class=\"hidden-fields-container\"><input type=\"hidden\" name=\"_wpcf7\" value=\"340\" \/><input type=\"hidden\" name=\"_wpcf7_version\" value=\"6.1.5\" \/><input type=\"hidden\" name=\"_wpcf7_locale\" value=\"es_ES\" \/><input type=\"hidden\" name=\"_wpcf7_unit_tag\" value=\"wpcf7-f340-o1\" \/><input type=\"hidden\" name=\"_wpcf7_container_post\" value=\"0\" \/><input type=\"hidden\" name=\"_wpcf7_posted_data_hash\" value=\"\" \/>\n<\/fieldset>\n<div class=\"caja-form-susbribete\" id=\"id-caja-form-susbribete\">\n\t<div class=\"caja-inputs\">\n\t\t<p><span class=\"wpcf7-form-control-wrap\" data-name=\"nombre\"><input size=\"40\" maxlength=\"400\" class=\"wpcf7-form-control wpcf7-text wpcf7-validates-as-required\" aria-required=\"true\" aria-invalid=\"false\" placeholder=\"Nombre*\" value=\"\" type=\"text\" name=\"nombre\" \/><\/span><br \/>\n<span class=\"wpcf7-form-control-wrap\" data-name=\"your-mail\"><input size=\"40\" maxlength=\"400\" class=\"wpcf7-form-control wpcf7-email wpcf7-validates-as-required wpcf7-text wpcf7-validates-as-email\" aria-required=\"true\" aria-invalid=\"false\" placeholder=\"Correo electr\u00f3nico*\" value=\"\" type=\"email\" name=\"your-mail\" \/><\/span>\n\t\t<\/p>\n\t\t<div class=\"privacidad\">\n\t\t\t<p><label><span class=\"wpcf7-form-control-wrap\" data-name=\"privacidad\"><span class=\"wpcf7-form-control wpcf7-acceptance\"><span class=\"wpcf7-list-item\"><input type=\"checkbox\" name=\"privacidad\" value=\"1\" aria-invalid=\"false\" \/><\/span><\/span><\/span> He le\u00eddo y acepto la <a href=\"\/politica-de-privacidad\" target=\"_blank\">pol\u00edtica de privacidad<\/a>.<\/label>\n\t\t\t<\/p>\n\t\t<\/div>\n\t<\/div>\n\t<div class=\"caja-boton\">\n\t\t<p><span id=\"wpcf7-69f033280b787-wrapper\" class=\"wpcf7-form-control-wrap email-wrap\" style=\"display:none !important; visibility:hidden !important;\"><label for=\"wpcf7-69f033280b787-field\" class=\"hp-message\">Por favor, deja este campo vac\u00edo.<\/label><input id=\"wpcf7-69f033280b787-field\"  class=\"wpcf7-form-control wpcf7-text\" type=\"text\" name=\"email\" value=\"\" size=\"40\" tabindex=\"-1\" autocomplete=\"new-password\" \/><\/span><br \/>\n<button class=\"wpcf7-form-control wpcf7-submit has-spinner et_pb_button et_pb_bg_layout_light\" type=\"submit\" value=\"OK\">OK<\/button>\n\t\t<\/p>\n\t<\/div>\n<\/div><div class=\"wpcf7-response-output\" aria-hidden=\"true\"><\/div>\n<\/form>\n<\/div>\n[\/et_pb_text][\/et_pb_column][\/et_pb_row][\/et_pb_section]<\/p>\n","protected":false},"excerpt":{"rendered":"<p>Descargas Imagen corporativa Vertigo 2022 Condiciones de Garant\u00eda ES EN Cat\u00e1logoGRO ES EN \u00bfCompartimos pasi\u00f3n?Suscr\u00edbete a nuestra newsletter y te mantendremos informado de todas las novedades sobre el mundo del Trial. Adem\u00e1s te informaremos en primicia de nuevos lanzamientos y promociones exclusivas de VERTIGO MOTORS.\n<div class=\"wpcf7 no-js\" id=\"wpcf7-f340-o2\" lang=\"es-ES\" dir=\"ltr\" data-wpcf7-id=\"340\">\n<div class=\"screen-reader-response\"><p role=\"status\" aria-live=\"polite\" aria-atomic=\"true\"><\/p> <ul><\/ul><\/div>\n<form action=\"\/es\/wp-json\/wp\/v2\/pages\/1082#wpcf7-f340-o2\" method=\"post\" class=\"wpcf7-form init\" aria-label=\"Formulario de contacto\" novalidate=\"novalidate\" data-status=\"init\">\n<fieldset class=\"hidden-fields-container\"><input type=\"hidden\" name=\"_wpcf7\" value=\"340\" \/><input type=\"hidden\" name=\"_wpcf7_version\" value=\"6.1.5\" \/><input type=\"hidden\" name=\"_wpcf7_locale\" value=\"es_ES\" \/><input type=\"hidden\" name=\"_wpcf7_unit_tag\" value=\"wpcf7-f340-o2\" \/><input type=\"hidden\" name=\"_wpcf7_container_post\" value=\"0\" \/><input type=\"hidden\" name=\"_wpcf7_posted_data_hash\" value=\"\" \/>\n<\/fieldset>\n<div class=\"caja-form-susbribete\" id=\"id-caja-form-susbribete\">\n\t<div class=\"caja-inputs\">\n\t\t<p><span class=\"wpcf7-form-control-wrap\" data-name=\"nombre\"><input size=\"40\" maxlength=\"400\" class=\"wpcf7-form-control wpcf7-text wpcf7-validates-as-required\" aria-required=\"true\" aria-invalid=\"false\" placeholder=\"Nombre*\" value=\"\" type=\"text\" name=\"nombre\" \/><\/span><br \/>\n<span class=\"wpcf7-form-control-wrap\" data-name=\"your-mail\"><input size=\"40\" maxlength=\"400\" class=\"wpcf7-form-control wpcf7-email wpcf7-validates-as-required wpcf7-text wpcf7-validates-as-email\" aria-required=\"true\" aria-invalid=\"false\" placeholder=\"Correo electr\u00f3nico*\" value=\"\" type=\"email\" name=\"your-mail\" \/><\/span>\n\t\t<\/p>\n\t\t<div class=\"privacidad\">\n\t\t\t<p><label><span class=\"wpcf7-form-control-wrap\" data-name=\"privacidad\"><span class=\"wpcf7-form-control wpcf7-acceptance\"><span class=\"wpcf7-list-item\"><input type=\"checkbox\" name=\"privacidad\" value=\"1\" aria-invalid=\"false\" \/><\/span><\/span><\/span> He le\u00eddo y acepto la <a href=\"\/politica-de-privacidad\" target=\"_blank\">pol\u00edtica de privacidad<\/a>.<\/label>\n\t\t\t<\/p>\n\t\t<\/div>\n\t<\/div>\n\t<div class=\"caja-boton\">\n\t\t<p><span id=\"wpcf7-69f033282ff4f-wrapper\" class=\"wpcf7-form-control-wrap email-wrap\" style=\"display:none !important; visibility:hidden !important;\"><label for=\"wpcf7-69f033282ff4f-field\" class=\"hp-message\">Por favor, deja este campo vac\u00edo.<\/label><input id=\"wpcf7-69f033282ff4f-field\"  class=\"wpcf7-form-control wpcf7-text\" type=\"text\" name=\"email\" value=\"\" size=\"40\" tabindex=\"-1\" autocomplete=\"new-password\" \/><\/span><br \/>\n<button class=\"wpcf7-form-control wpcf7-submit has-spinner et_pb_button et_pb_bg_layout_light\" type=\"submit\" value=\"OK\">OK<\/button>\n\t\t<\/p>\n\t<\/div>\n<\/div><div class=\"wpcf7-response-output\" aria-hidden=\"true\"><\/div>\n<\/form>\n<\/div>\n<\/p>\n","protected":false},"author":1,"featured_media":0,"parent":0,"menu_order":0,"comment_status":"closed","ping_status":"closed","template":"","meta":{"_et_pb_use_builder":"on","_et_pb_old_content":"","_et_gb_content_width":"","inline_featured_image":false,"footnotes":""},"class_list":["post-1082","page","type-page","status-publish","hentry"],"yoast_head":"<!-- This site is optimized with the Yoast SEO plugin v27.4 - https:\/\/yoast.com\/product\/yoast-seo-wordpress\/ -->\n<title>Vertigo Motors I Vertigo Experience &amp; Passion I Descargas<\/title>\n<meta name=\"description\" content=\"Consulta aqu\u00ed el manual de identidad de V\u00e9rtigo Motors, las condiciones de garant\u00eda y el cat\u00e1logo de motos\" \/>\n<meta name=\"robots\" content=\"index, follow, max-snippet:-1, max-image-preview:large, max-video-preview:-1\" \/>\n<link rel=\"canonical\" href=\"https:\/\/www.vertigomotors.com\/es\/descargas\/\" \/>\n<meta property=\"og:locale\" content=\"es_ES\" \/>\n<meta property=\"og:type\" content=\"article\" \/>\n<meta property=\"og:title\" content=\"Vertigo Motors I Vertigo Experience &amp; Passion I Descargas\" \/>\n<meta property=\"og:description\" content=\"Consulta aqu\u00ed el manual de identidad de V\u00e9rtigo Motors, las condiciones de garant\u00eda y el cat\u00e1logo de motos\" \/>\n<meta property=\"og:url\" content=\"https:\/\/www.vertigomotors.com\/es\/descargas\/\" \/>\n<meta property=\"og:site_name\" content=\"Vertigo Motors\" \/>\n<meta property=\"article:modified_time\" content=\"2022-05-03T09:43:11+00:00\" \/>\n<meta property=\"og:image\" content=\"http:\/\/www.vertigomotors.com\/wp-content\/uploads\/2022\/05\/Imagen-corporativa.png\" \/>\n<meta name=\"twitter:card\" content=\"summary_large_image\" \/>\n<meta name=\"twitter:label1\" content=\"Tiempo de lectura\" \/>\n\t<meta name=\"twitter:data1\" content=\"4 minutos\" \/>\n<script type=\"application\/ld+json\" class=\"yoast-schema-graph\">{\"@context\":\"https:\\\/\\\/schema.org\",\"@graph\":[{\"@type\":\"WebPage\",\"@id\":\"https:\\\/\\\/www.vertigomotors.com\\\/es\\\/descargas\\\/\",\"url\":\"https:\\\/\\\/www.vertigomotors.com\\\/es\\\/descargas\\\/\",\"name\":\"Vertigo Motors I Vertigo Experience & Passion I Descargas\",\"isPartOf\":{\"@id\":\"https:\\\/\\\/www.vertigomotors.com\\\/es\\\/#website\"},\"primaryImageOfPage\":{\"@id\":\"https:\\\/\\\/www.vertigomotors.com\\\/es\\\/descargas\\\/#primaryimage\"},\"image\":{\"@id\":\"https:\\\/\\\/www.vertigomotors.com\\\/es\\\/descargas\\\/#primaryimage\"},\"thumbnailUrl\":\"http:\\\/\\\/www.vertigomotors.com\\\/wp-content\\\/uploads\\\/2022\\\/05\\\/Imagen-corporativa.png\",\"datePublished\":\"2021-08-10T17:00:42+00:00\",\"dateModified\":\"2022-05-03T09:43:11+00:00\",\"description\":\"Consulta aqu\u00ed el manual de identidad de V\u00e9rtigo Motors, las condiciones de garant\u00eda y el cat\u00e1logo de motos\",\"breadcrumb\":{\"@id\":\"https:\\\/\\\/www.vertigomotors.com\\\/es\\\/descargas\\\/#breadcrumb\"},\"inLanguage\":\"es\",\"potentialAction\":[{\"@type\":\"ReadAction\",\"target\":[\"https:\\\/\\\/www.vertigomotors.com\\\/es\\\/descargas\\\/\"]}]},{\"@type\":\"ImageObject\",\"inLanguage\":\"es\",\"@id\":\"https:\\\/\\\/www.vertigomotors.com\\\/es\\\/descargas\\\/#primaryimage\",\"url\":\"http:\\\/\\\/www.vertigomotors.com\\\/wp-content\\\/uploads\\\/2022\\\/05\\\/Imagen-corporativa.png\",\"contentUrl\":\"http:\\\/\\\/www.vertigomotors.com\\\/wp-content\\\/uploads\\\/2022\\\/05\\\/Imagen-corporativa.png\"},{\"@type\":\"BreadcrumbList\",\"@id\":\"https:\\\/\\\/www.vertigomotors.com\\\/es\\\/descargas\\\/#breadcrumb\",\"itemListElement\":[{\"@type\":\"ListItem\",\"position\":1,\"name\":\"Inicio\",\"item\":\"https:\\\/\\\/www.vertigomotors.com\\\/es\\\/\"},{\"@type\":\"ListItem\",\"position\":2,\"name\":\"Descargas\"}]},{\"@type\":\"WebSite\",\"@id\":\"https:\\\/\\\/www.vertigomotors.com\\\/es\\\/#website\",\"url\":\"https:\\\/\\\/www.vertigomotors.com\\\/es\\\/\",\"name\":\"Vertigo Motors\",\"description\":\"Vertigo Motors\",\"potentialAction\":[{\"@type\":\"SearchAction\",\"target\":{\"@type\":\"EntryPoint\",\"urlTemplate\":\"https:\\\/\\\/www.vertigomotors.com\\\/es\\\/?s={search_term_string}\"},\"query-input\":{\"@type\":\"PropertyValueSpecification\",\"valueRequired\":true,\"valueName\":\"search_term_string\"}}],\"inLanguage\":\"es\"}]}<\/script>\n<!-- \/ Yoast SEO plugin. -->","yoast_head_json":{"title":"Vertigo Motors I Vertigo Experience & Passion I Descargas","description":"Consulta aqu\u00ed el manual de identidad de V\u00e9rtigo Motors, las condiciones de garant\u00eda y el cat\u00e1logo de motos","robots":{"index":"index","follow":"follow","max-snippet":"max-snippet:-1","max-image-preview":"max-image-preview:large","max-video-preview":"max-video-preview:-1"},"canonical":"https:\/\/www.vertigomotors.com\/es\/descargas\/","og_locale":"es_ES","og_type":"article","og_title":"Vertigo Motors I Vertigo Experience & Passion I Descargas","og_description":"Consulta aqu\u00ed el manual de identidad de V\u00e9rtigo Motors, las condiciones de garant\u00eda y el cat\u00e1logo de motos","og_url":"https:\/\/www.vertigomotors.com\/es\/descargas\/","og_site_name":"Vertigo Motors","article_modified_time":"2022-05-03T09:43:11+00:00","og_image":[{"url":"http:\/\/www.vertigomotors.com\/wp-content\/uploads\/2022\/05\/Imagen-corporativa.png","type":"","width":"","height":""}],"twitter_card":"summary_large_image","twitter_misc":{"Tiempo de lectura":"4 minutos"},"schema":{"@context":"https:\/\/schema.org","@graph":[{"@type":"WebPage","@id":"https:\/\/www.vertigomotors.com\/es\/descargas\/","url":"https:\/\/www.vertigomotors.com\/es\/descargas\/","name":"Vertigo Motors I Vertigo Experience & Passion I Descargas","isPartOf":{"@id":"https:\/\/www.vertigomotors.com\/es\/#website"},"primaryImageOfPage":{"@id":"https:\/\/www.vertigomotors.com\/es\/descargas\/#primaryimage"},"image":{"@id":"https:\/\/www.vertigomotors.com\/es\/descargas\/#primaryimage"},"thumbnailUrl":"http:\/\/www.vertigomotors.com\/wp-content\/uploads\/2022\/05\/Imagen-corporativa.png","datePublished":"2021-08-10T17:00:42+00:00","dateModified":"2022-05-03T09:43:11+00:00","description":"Consulta aqu\u00ed el manual de identidad de V\u00e9rtigo Motors, las condiciones de garant\u00eda y el cat\u00e1logo de motos","breadcrumb":{"@id":"https:\/\/www.vertigomotors.com\/es\/descargas\/#breadcrumb"},"inLanguage":"es","potentialAction":[{"@type":"ReadAction","target":["https:\/\/www.vertigomotors.com\/es\/descargas\/"]}]},{"@type":"ImageObject","inLanguage":"es","@id":"https:\/\/www.vertigomotors.com\/es\/descargas\/#primaryimage","url":"http:\/\/www.vertigomotors.com\/wp-content\/uploads\/2022\/05\/Imagen-corporativa.png","contentUrl":"http:\/\/www.vertigomotors.com\/wp-content\/uploads\/2022\/05\/Imagen-corporativa.png"},{"@type":"BreadcrumbList","@id":"https:\/\/www.vertigomotors.com\/es\/descargas\/#breadcrumb","itemListElement":[{"@type":"ListItem","position":1,"name":"Inicio","item":"https:\/\/www.vertigomotors.com\/es\/"},{"@type":"ListItem","position":2,"name":"Descargas"}]},{"@type":"WebSite","@id":"https:\/\/www.vertigomotors.com\/es\/#website","url":"https:\/\/www.vertigomotors.com\/es\/","name":"Vertigo Motors","description":"Vertigo Motors","potentialAction":[{"@type":"SearchAction","target":{"@type":"EntryPoint","urlTemplate":"https:\/\/www.vertigomotors.com\/es\/?s={search_term_string}"},"query-input":{"@type":"PropertyValueSpecification","valueRequired":true,"valueName":"search_term_string"}}],"inLanguage":"es"}]}},"_links":{"self":[{"href":"https:\/\/www.vertigomotors.com\/es\/wp-json\/wp\/v2\/pages\/1082","targetHints":{"allow":["GET"]}}],"collection":[{"href":"https:\/\/www.vertigomotors.com\/es\/wp-json\/wp\/v2\/pages"}],"about":[{"href":"https:\/\/www.vertigomotors.com\/es\/wp-json\/wp\/v2\/types\/page"}],"author":[{"embeddable":true,"href":"https:\/\/www.vertigomotors.com\/es\/wp-json\/wp\/v2\/users\/1"}],"replies":[{"embeddable":true,"href":"https:\/\/www.vertigomotors.com\/es\/wp-json\/wp\/v2\/comments?post=1082"}],"version-history":[{"count":60,"href":"https:\/\/www.vertigomotors.com\/es\/wp-json\/wp\/v2\/pages\/1082\/revisions"}],"predecessor-version":[{"id":9630,"href":"https:\/\/www.vertigomotors.com\/es\/wp-json\/wp\/v2\/pages\/1082\/revisions\/9630"}],"wp:attachment":[{"href":"https:\/\/www.vertigomotors.com\/es\/wp-json\/wp\/v2\/media?parent=1082"}],"curies":[{"name":"wp","href":"https:\/\/api.w.org\/{rel}","templated":true}]}}